{"id":1639,"date":"2022-03-01T17:09:37","date_gmt":"2022-03-01T21:09:37","guid":{"rendered":"https:\/\/www.caldwellfamilycentre.ca\/?page_id=1639"},"modified":"2022-03-01T17:09:37","modified_gmt":"2022-03-01T21:09:37","slug":"faites-un-don-financier","status":"publish","type":"page","link":"https:\/\/caldwellfamilycentre.ca\/fr\/faites-un-don-financier\/","title":{"rendered":"Faites un don financier"},"content":{"rendered":"\n<p>Vous pouvez faire un don financier en remplissant le formulaire sur cette page; vous recevrez imm\u00e9diatement un re\u00e7u officiel \u00e0 des fins d\u2019imp\u00f4t. Vous pouvez aussi choisir de donner chaque mois ou d\u2019envoyer un ch\u00e8que libell\u00e9 \u00e0 l\u2019ordre du Centre familial Caldwell, aux coordonn\u00e9es ci-dessous :<\/p>\n\n\n\n<p>Centre familial Caldwell<br>\n20-1100, rue Medford<br>\nOttawa (Ontario)  K1Z 8L5\n<\/p>\n","protected":false},"excerpt":{"rendered":"<p>Vous pouvez faire un don financier en remplissant le formulaire sur cette page; vous recevrez imm\u00e9diatement un re\u00e7u officiel \u00e0 des fins d\u2019imp\u00f4t. Vous pouvez aussi choisir de donner chaque mois ou d\u2019envoyer un ch\u00e8que libell\u00e9 \u00e0 l\u2019ordre du Centre familial Caldwell, aux coordonn\u00e9es ci-dessous : Centre familial Caldwell 20-1100, rue Medford Ottawa (Ontario) K1Z [&hellip;]<\/p>\n","protected":false},"author":1,"featured_media":0,"parent":0,"menu_order":0,"comment_status":"closed","ping_status":"closed","template":"","meta":{"footnotes":""},"class_list":["post-1639","page","type-page","status-publish","hentry"],"_links":{"self":[{"href":"https:\/\/caldwellfamilycentre.ca\/fr\/wp-json\/wp\/v2\/pages\/1639","targetHints":{"allow":["GET"]}}],"collection":[{"href":"https:\/\/caldwellfamilycentre.ca\/fr\/wp-json\/wp\/v2\/pages"}],"about":[{"href":"https:\/\/caldwellfamilycentre.ca\/fr\/wp-json\/wp\/v2\/types\/page"}],"author":[{"embeddable":true,"href":"https:\/\/caldwellfamilycentre.ca\/fr\/wp-json\/wp\/v2\/users\/1"}],"replies":[{"embeddable":true,"href":"https:\/\/caldwellfamilycentre.ca\/fr\/wp-json\/wp\/v2\/comments?post=1639"}],"version-history":[{"count":0,"href":"https:\/\/caldwellfamilycentre.ca\/fr\/wp-json\/wp\/v2\/pages\/1639\/revisions"}],"wp:attachment":[{"href":"https:\/\/caldwellfamilycentre.ca\/fr\/wp-json\/wp\/v2\/media?parent=1639"}],"curies":[{"name":"wp","href":"https:\/\/api.w.org\/{rel}","templated":true}]}}