{"id":2195,"date":"2022-10-27T14:59:08","date_gmt":"2022-10-27T18:59:08","guid":{"rendered":"https:\/\/www.caldwellfamilycentre.ca\/?page_id=2195"},"modified":"2024-05-30T13:57:38","modified_gmt":"2024-05-30T17:57:38","slug":"joignez-vous-a-nous","status":"publish","type":"page","link":"https:\/\/caldwellfamilycentre.ca\/fr\/joignez-vous-a-nous\/","title":{"rendered":"JOIGNEZ-VOUS \u00c0 NOUS!"},"content":{"rendered":"\n<h2 class=\"wp-block-heading has-text-align-center\"><strong>B\u00c9N\u00c9VOLES SI\u00c9GEANT AU CONSEIL D\u2019ADMINISTRATION DU CENTRE FAMILIAL CALDWELL<\/strong><\/h2>\n\n\n\n<h3 class=\"wp-block-heading has-text-align-center\">Nous acceptons les mises en candidature de membres pour notre Conseil d\u2019administration.<\/h3>\n\n\n\n<h3 class=\"wp-block-heading has-text-align-center\"><strong>CONSEIL D\u2019ADMINISTRATION DU CENTRE FAMILIAL CALDWELL&nbsp;<\/strong><\/h3>\n\n\n<style>#sp-ea-2197 .spcollapsing { height: 0; overflow: hidden; transition-property: height;transition-duration: 300ms;}#sp-ea-2197.sp-easy-accordion>.sp-ea-single {margin-bottom: 10px; border: 1px solid #e2e2e2; }#sp-ea-2197.sp-easy-accordion>.sp-ea-single>.ea-header a {color: #444;}#sp-ea-2197.sp-easy-accordion>.sp-ea-single>.sp-collapse>.ea-body {background: #fff; color: #444;}#sp-ea-2197.sp-easy-accordion>.sp-ea-single {background: #eee;}#sp-ea-2197.sp-easy-accordion>.sp-ea-single>.ea-header a .ea-expand-icon { float: left; color: #444;font-size: 16px;}<\/style><div id=\"sp_easy_accordion-1778679344\"><div id=\"sp-ea-2197\" class=\"sp-ea-one sp-easy-accordion\" data-ea-active=\"ea-click\" data-ea-mode=\"vertical\" data-preloader=\"\" data-scroll-active-item=\"\" data-offset-to-scroll=\"0\"><div class=\"ea-card ea-expand sp-ea-single\"><h3 class=\"ea-header\"><a class=\"collapsed\" id=\"ea-header-21970\" role=\"button\" data-sptoggle=\"spcollapse\" data-sptarget=\"#collapse21970\" aria-controls=\"collapse21970\" href=\"#\" aria-expanded=\"true\" tabindex=\"0\"><i aria-hidden=\"true\" role=\"presentation\" class=\"ea-expand-icon eap-icon-ea-expand-minus\"><\/i> Qu\u2019est-ce que le Conseil d\u2019administration du Centre familial Caldwell?<\/a><\/h3><div class=\"sp-collapse spcollapse collapsed show\" id=\"collapse21970\" data-parent=\"#sp-ea-2197\" role=\"region\" aria-labelledby=\"ea-header-21970\"> <div class=\"ea-body\"><div><span lang=\"FR-CA\">Le Conseil d\u2019administration (CA) du Centre familial Caldwell (CFC) est un groupe de b\u00e9n\u00e9voles responsable de gouverner l\u2019organisme. Il lui offre une orientation strat\u00e9gique et des suivis de haut niveau pour l\u2019aider \u00e0 r\u00e9aliser ses objectifs. Le CA fixe entre autres la mission, la vision et les valeurs du CFC; supervise le r\u00f4le de la direction g\u00e9n\u00e9rale; approuve le budget et l\u2019audit annuel; et \u00e9tablit les r\u00e8glements administratifs.<\/span><\/div><\/div><\/div><\/div><div class=\"ea-card sp-ea-single\"><h3 class=\"ea-header\"><a class=\"collapsed\" id=\"ea-header-21971\" role=\"button\" data-sptoggle=\"spcollapse\" data-sptarget=\"#collapse21971\" aria-controls=\"collapse21971\" href=\"#\" aria-expanded=\"false\" tabindex=\"0\"><i aria-hidden=\"true\" role=\"presentation\" class=\"ea-expand-icon eap-icon-ea-expand-plus\"><\/i> Qui peut si\u00e9ger au CA?<\/a><\/h3><div class=\"sp-collapse spcollapse \" id=\"collapse21971\" data-parent=\"#sp-ea-2197\" role=\"region\" aria-labelledby=\"ea-header-21971\"> <div class=\"ea-body\"><p style=\"font-weight: 400\">Les membres du CA du CFC, qui ont des ant\u00e9c\u00e9dents et des histoires diversifi\u00e9es, partagent l\u2019un des objectifs du CFC, soir de r\u00e9duire l\u2019incidence de la pauvret\u00e9 \u00e0 Ottawa. Les b\u00e9n\u00e9voles si\u00e9geant au CA doivent agir dans l\u2019int\u00e9r\u00eat sup\u00e9rieur du CFC et d\u00e9fendre ses principales valeurs, comme le respect, l\u2019habilitation, la collaboration et la s\u00e9curit\u00e9.<\/p><p style=\"font-weight: 400\">La diversit\u00e9, l\u2019\u00e9quit\u00e9 et l\u2019inclusion nous tiennent \u00e0 c\u0153ur. Nous invitons les gens de tous les horizons et de toutes les exp\u00e9riences de vie \u00e0 poser leur candidature. Les membres du CA doivent \u00eatre d\u2019\u00e2ge l\u00e9gal (au moins 18\u00a0ans); ils ne doivent pas avoir \u00e9t\u00e9 d\u00e9clar\u00e9s en faillite ni \u00eatre en violation de la <em>Loi de l\u2019imp\u00f4t<\/em>. Les b\u00e9n\u00e9voles id\u00e9aux devraient avoir de l\u2019exp\u00e9rience dans un ou plusieurs des domaines suivants pour assurer la r\u00e9ussite du CFC\u00a0:<\/p><ul><li>gestion financi\u00e8re \/ comptabilit\u00e9;<\/li><li>gestion des services sociaux;<\/li><li>technologie de l\u2019information;<\/li><li>marketing \/ communications \/ allocutions publiques;<\/li><li>collecte de fonds \/ d\u00e9fense d\u2019int\u00e9r\u00eats;<\/li><li>ressources humaines \/ engagement et gestion des b\u00e9n\u00e9voles;<\/li><li>affaires juridiques \/ \u00e9laboration de politiques \/ \u00e9valuation et gestion des risques;<\/li><li>gouvernance;<\/li><li>planification strat\u00e9gique;<\/li><li><span style=\"font-weight: 400\">biens immobiliers \/ d\u00e9veloppement commercial.<\/span><\/li><\/ul><\/div><\/div><\/div><div class=\"ea-card sp-ea-single\"><h3 class=\"ea-header\"><a class=\"collapsed\" id=\"ea-header-21972\" role=\"button\" data-sptoggle=\"spcollapse\" data-sptarget=\"#collapse21972\" aria-controls=\"collapse21972\" href=\"#\" aria-expanded=\"false\" tabindex=\"0\"><i aria-hidden=\"true\" role=\"presentation\" class=\"ea-expand-icon eap-icon-ea-expand-plus\"><\/i> Que doit faire un membre du CA?<\/a><\/h3><div class=\"sp-collapse spcollapse \" id=\"collapse21972\" data-parent=\"#sp-ea-2197\" role=\"region\" aria-labelledby=\"ea-header-21972\"> <div class=\"ea-body\"><p style=\"font-weight: 400\">Les membres du CA se r\u00e9unissent de 1 h 30 \u00e0 2 h 30, une fois par mois. Les rapports et le mat\u00e9riel connexe sont envoy\u00e9s plusieurs jours avant la r\u00e9union de sorte que les membres puissent en prendre connaissance avant celle-ci.<\/p><p style=\"font-weight: 400\">Chaque mandat est d\u2019une dur\u00e9e de trois (3) ans; il peut \u00eatre renouvel\u00e9 de fa\u00e7on cons\u00e9cutive.<\/p><p style=\"font-weight: 400\">Les membres du CA sont r\u00e9solus \u00e0 ex\u00e9cuter la mission et le travail du CFC. Ils doivent, par cons\u00e9quent\u00a0:<\/p><ul><li>se pr\u00e9parer aux r\u00e9unions mensuelles du CA et y participer;<\/li><li>entretenir des relations de travail positives avec les autres membres du CA et avec la personne responsable de la direction administrative;<\/li><li>faire rayonner l\u2019organisation dans la communaut\u00e9<\/li><li>participer activement aux activit\u00e9s de collecte de fonds;<\/li><li>participer activement aux efforts de planification et d\u2019\u00e9valuation.<\/li><\/ul><p style=\"font-weight: 400\">Il incombe aussi aux membres du CA de si\u00e9ger \u00e0 au moins un des comit\u00e9s du CA. Voici les comit\u00e9s actuels du CA, bien qu\u2019ils puissent changer en fonction de tout besoin \u00e9volutif\u00a0:<\/p><ul><li><strong>Comit\u00e9 de finance<\/strong> (reddition de comptes, stabilit\u00e9 et durabilit\u00e9 de l\u2019organisme);<\/li><li><strong>Comit\u00e9 de gouvernance<\/strong> (\u00e9laboration de politiques et de proc\u00e9dures visant \u00e0 orienter le CA du CFC);<\/li><li><strong>Comit\u00e9 de recrutement des membres du Conseil d\u2019administration<\/strong> (s\u00e9lection de candidat\u00b7es en fonction de leurs qualit\u00e9s et de leurs comp\u00e9tences);<\/li><li><span style=\"font-weight: 400\"><strong>Comit\u00e9 Bellevue<\/strong> (orientation des am\u00e9liorations apport\u00e9es aux espaces physiques pour combler les besoins grandissants de la communaut\u00e9 servie par le CFC).<\/span><\/li><\/ul><p>&nbsp;<\/p><\/div><\/div><\/div><\/div><\/div>\n\n\n\n<h2 class=\"wp-block-heading\"><strong>CELA M\u2019INT\u00c9RESSE! QU\u2019EST-CE QUE JE FAIS?<\/strong><\/h2>\n\n\n\n<p>Si cette possibilit\u00e9 d\u2019att\u00e9nuer l\u2019incidence de la pauvret\u00e9 dans votre communaut\u00e9 vous int\u00e9resse, n\u2019h\u00e9sitez pas \u00e0 communiquer avec nous aux coordonn\u00e9es suivantes pour obtenir de plus amples renseignements \u00e0 propos du CA ou pour soumettre votre candidature&nbsp;:&nbsp;<\/p>\n\n\n\n<p><strong>Bonnie Shaw (elle \u2013 she\/her)<\/strong><br>Coordonnatrice, Engagement des gens<br>Coordinator of People Engagement<\/p>\n\n\n\n<p><strong>Bureau\u00a0:<\/strong>\u00a0613-728-1800, poste 302<\/p>\n","protected":false},"excerpt":{"rendered":"<p>B\u00c9N\u00c9VOLES SI\u00c9GEANT AU CONSEIL D\u2019ADMINISTRATION DU CENTRE FAMILIAL CALDWELL Nous acceptons les mises en candidature de membres pour notre Conseil d\u2019administration. CONSEIL D\u2019ADMINISTRATION DU CENTRE FAMILIAL CALDWELL&nbsp; CELA M\u2019INT\u00c9RESSE! QU\u2019EST-CE QUE JE FAIS? Si cette possibilit\u00e9 d\u2019att\u00e9nuer l\u2019incidence de la pauvret\u00e9 dans votre communaut\u00e9 vous int\u00e9resse, n\u2019h\u00e9sitez pas \u00e0 communiquer avec nous aux coordonn\u00e9es suivantes [&hellip;]<\/p>\n","protected":false},"author":1,"featured_media":0,"parent":0,"menu_order":0,"comment_status":"closed","ping_status":"closed","template":"","meta":{"footnotes":""},"class_list":["post-2195","page","type-page","status-publish","hentry"],"_links":{"self":[{"href":"https:\/\/caldwellfamilycentre.ca\/fr\/wp-json\/wp\/v2\/pages\/2195","targetHints":{"allow":["GET"]}}],"collection":[{"href":"https:\/\/caldwellfamilycentre.ca\/fr\/wp-json\/wp\/v2\/pages"}],"about":[{"href":"https:\/\/caldwellfamilycentre.ca\/fr\/wp-json\/wp\/v2\/types\/page"}],"author":[{"embeddable":true,"href":"https:\/\/caldwellfamilycentre.ca\/fr\/wp-json\/wp\/v2\/users\/1"}],"replies":[{"embeddable":true,"href":"https:\/\/caldwellfamilycentre.ca\/fr\/wp-json\/wp\/v2\/comments?post=2195"}],"version-history":[{"count":1,"href":"https:\/\/caldwellfamilycentre.ca\/fr\/wp-json\/wp\/v2\/pages\/2195\/revisions"}],"predecessor-version":[{"id":2456,"href":"https:\/\/caldwellfamilycentre.ca\/fr\/wp-json\/wp\/v2\/pages\/2195\/revisions\/2456"}],"wp:attachment":[{"href":"https:\/\/caldwellfamilycentre.ca\/fr\/wp-json\/wp\/v2\/media?parent=2195"}],"curies":[{"name":"wp","href":"https:\/\/api.w.org\/{rel}","templated":true}]}}