{"id":504,"date":"2021-07-19T18:39:16","date_gmt":"2021-07-19T18:39:16","guid":{"rendered":"https:\/\/caldwellfamilycentre.ca\/?page_id=504"},"modified":"2021-07-19T18:39:17","modified_gmt":"2021-07-19T18:39:17","slug":"rapports-annuels","status":"publish","type":"page","link":"https:\/\/caldwellfamilycentre.ca\/fr\/rapports-annuels\/","title":{"rendered":"Rapports annuels"},"content":{"rendered":"<p>Pour en savoir plus \u00e0 propos de Caldwell, nous vous invitons \u00e0 examiner les rapports de nos assembl\u00e9es g\u00e9n\u00e9rales annuelles.<\/p>\n","protected":false},"excerpt":{"rendered":"<p>Pour en savoir plus \u00e0 propos de Caldwell, nous vous invitons \u00e0 examiner les rapports de nos assembl\u00e9es g\u00e9n\u00e9rales annuelles.<\/p>\n","protected":false},"author":1,"featured_media":0,"parent":0,"menu_order":0,"comment_status":"closed","ping_status":"closed","template":"","meta":{"footnotes":""},"class_list":["post-504","page","type-page","status-publish","hentry"],"_links":{"self":[{"href":"https:\/\/caldwellfamilycentre.ca\/fr\/wp-json\/wp\/v2\/pages\/504","targetHints":{"allow":["GET"]}}],"collection":[{"href":"https:\/\/caldwellfamilycentre.ca\/fr\/wp-json\/wp\/v2\/pages"}],"about":[{"href":"https:\/\/caldwellfamilycentre.ca\/fr\/wp-json\/wp\/v2\/types\/page"}],"author":[{"embeddable":true,"href":"https:\/\/caldwellfamilycentre.ca\/fr\/wp-json\/wp\/v2\/users\/1"}],"replies":[{"embeddable":true,"href":"https:\/\/caldwellfamilycentre.ca\/fr\/wp-json\/wp\/v2\/comments?post=504"}],"version-history":[{"count":0,"href":"https:\/\/caldwellfamilycentre.ca\/fr\/wp-json\/wp\/v2\/pages\/504\/revisions"}],"wp:attachment":[{"href":"https:\/\/caldwellfamilycentre.ca\/fr\/wp-json\/wp\/v2\/media?parent=504"}],"curies":[{"name":"wp","href":"https:\/\/api.w.org\/{rel}","templated":true}]}}