{"id":551,"date":"2016-02-23T14:17:26","date_gmt":"2016-02-23T14:17:26","guid":{"rendered":"https:\/\/caldwellfamilycentre.ca\/mission\/"},"modified":"2021-10-04T09:56:09","modified_gmt":"2021-10-04T13:56:09","slug":"mission","status":"publish","type":"page","link":"https:\/\/caldwellfamilycentre.ca\/fr\/mission\/","title":{"rendered":"Vision, Mission et Valeurs"},"content":{"rendered":"<p><noscript><img decoding=\"async\" class=\"alignnone size-full wp-image-552\" src=\"https:\/\/www.caldwellfamilycentre.ca\/wp-content\/uploads\/2021\/04\/pdfsml.gif\" alt=\"PDF\" width=\"16\" height=\"17\"><\/noscript><img decoding=\"async\" class=\"alignnone size-full wp-image-552 lazyload\" src=\"data:image\/svg+xml,%3Csvg%20xmlns%3D%22http%3A%2F%2Fwww.w3.org%2F2000%2Fsvg%22%20viewBox%3D%220%200%2016%2017%22%3E%3C%2Fsvg%3E\" alt=\"PDF\" width=\"16\" height=\"17\" data-src=\"https:\/\/www.caldwellfamilycentre.ca\/wp-content\/uploads\/2021\/04\/pdfsml.gif\">&nbsp;<a href=\"https:\/\/www.caldwellfamilycentre.ca\/wp-content\/uploads\/2021\/08\/FR_2021-2025_CFC_Strategic_Goals.pdf\" target=\"_blank\" rel=\"noopener\">T\u00e9l\u00e9chargez notre plan strat\u00e9gique<\/a> en format imprimable. (fichier PDF 204 Ko)<\/p>\n<h2>MISSION<\/h2>\n<p>La mission du Centre familial Caldwell est de R\u00e9duire l\u2019impact de la pauvret\u00e9 \u00e0 Ottawa.<\/p>\n<h2>VISION<\/h2>\n<p>Notre vision est de b\u00e2tir une ville sans pauvret\u00e9 o\u00f9 tous les r\u00e9sidents peuvent vivre dans la dignit\u00e9.<\/p>\n<h2>VALEURS<\/h2>\n<h3 style=\"padding-left: 30px;\">Respect<\/h3>\n<p style=\"padding-left: 30px;\">Les droits de chacun nous tiennent grandement \u00e0 c\u0153ur. Nous accueillons dignement les gens dans un environnement propre et sans pr\u00e9jug\u00e9s.<\/p>\n<h3 style=\"padding-left: 30px;\">Responsabilisation<\/h3>\n<p style=\"padding-left: 30px;\">Nous encourageons et appuyons nos clients, nos employ\u00e9s et nos b\u00e9n\u00e9voles \u00e0 r\u00e9aliser leur plein potentiel et \u00e0 ma\u00eetriser leur destin.<\/p>\n<h3 style=\"padding-left: 30px;\">Collaboration<\/h3>\n<p style=\"padding-left: 30px;\">Nous collaborons avec nos clients et nos partenaires pour offrir des services qui r\u00e9pondent aux besoins communautaires en constante \u00e9volution.<\/p>\n<h3 style=\"padding-left: 30px;\">S\u00e9curit\u00e9<\/h3>\n<p style=\"padding-left: 30px;\">Nous cherchons \u00e0 assurer la s\u00e9curit\u00e9 \u00e9motive, physique et financi\u00e8re de nos clients et du Centre familial Caldwell..<\/p>\n","protected":false},"excerpt":{"rendered":"<p>&nbsp;T\u00e9l\u00e9chargez notre plan strat\u00e9gique en format imprimable. (fichier PDF 204 Ko) MISSION La mission du Centre familial Caldwell est de R\u00e9duire l\u2019impact de la pauvret\u00e9 \u00e0 Ottawa. VISION Notre vision est de b\u00e2tir une ville sans pauvret\u00e9 o\u00f9 tous les r\u00e9sidents peuvent vivre dans la dignit\u00e9. VALEURS Respect Les droits de chacun nous tiennent grandement [&hellip;]<\/p>\n","protected":false},"author":1,"featured_media":0,"parent":0,"menu_order":0,"comment_status":"closed","ping_status":"closed","template":"","meta":{"footnotes":""},"class_list":["post-551","page","type-page","status-publish","hentry"],"_links":{"self":[{"href":"https:\/\/caldwellfamilycentre.ca\/fr\/wp-json\/wp\/v2\/pages\/551","targetHints":{"allow":["GET"]}}],"collection":[{"href":"https:\/\/caldwellfamilycentre.ca\/fr\/wp-json\/wp\/v2\/pages"}],"about":[{"href":"https:\/\/caldwellfamilycentre.ca\/fr\/wp-json\/wp\/v2\/types\/page"}],"author":[{"embeddable":true,"href":"https:\/\/caldwellfamilycentre.ca\/fr\/wp-json\/wp\/v2\/users\/1"}],"replies":[{"embeddable":true,"href":"https:\/\/caldwellfamilycentre.ca\/fr\/wp-json\/wp\/v2\/comments?post=551"}],"version-history":[{"count":0,"href":"https:\/\/caldwellfamilycentre.ca\/fr\/wp-json\/wp\/v2\/pages\/551\/revisions"}],"wp:attachment":[{"href":"https:\/\/caldwellfamilycentre.ca\/fr\/wp-json\/wp\/v2\/media?parent=551"}],"curies":[{"name":"wp","href":"https:\/\/api.w.org\/{rel}","templated":true}]}}