{"id":600,"date":"2016-02-23T14:17:41","date_gmt":"2016-02-23T14:17:41","guid":{"rendered":"https:\/\/caldwellfamilycentre.ca\/wish-list\/"},"modified":"2025-06-23T17:58:51","modified_gmt":"2025-06-23T21:58:51","slug":"wish-list","status":"publish","type":"page","link":"https:\/\/caldwellfamilycentre.ca\/fr\/wish-list\/","title":{"rendered":"Offrez des articles figurant sur notre liste d\u2019articles souhait\u00e9s"},"content":{"rendered":"<p style=\"font-weight: 400;\">Les familles que nous servons ont toujours besoin des articles suivants. Si vous pouvez aider, veuillez d\u00e9poser les&nbsp;produits alimentaires&nbsp;et&nbsp;autres articles&nbsp;entre 9h00 et 16h du lundi au vendredi au&nbsp;<strong>6 ave Epworth.<\/strong><\/p>\n<p><strong>Veuillez ne pas laisser d&rsquo;articles au 1475 Caldwell ou \u00e0 l&rsquo;ext\u00e9rieur de la Boutique Hidden Gems.<\/strong><\/p>\n<p><strong>Alimentation saine<\/strong>&nbsp;\u2013 Notre banque d\u2019alimentation fournit jusqu\u2019\u00e0 80&nbsp;% des aliments que certaines familles consomment, et c\u2019est pourquoi tous les aliments que nous offrons sont sains.<\/p>\n<p><strong>Articles pour b\u00e9b\u00e9<\/strong>&nbsp;\u2013&nbsp;Nous avons besoin de couches de tailles 5 et 6, de culottes d\u2019apprentissage jetables de style \u00ab&nbsp;Pull-Ups&nbsp;\u00bb et de lingettes pour b\u00e9b\u00e9. Nous avons suffisamment de couches de tailles 0&nbsp;\u00e0&nbsp;4. Nous n\u2019acceptons pas de si\u00e8ge d\u2019auto ni de berceau.<\/p>\n<p><strong>V\u00eatements<\/strong>&nbsp; \u2013 Nous avons besoin de v\u00eatements neufs ou l\u00e9g\u00e8rement usag\u00e9s pour hommes, femmes et enfants, particuli\u00e8rement des v\u00eatements chauds pour l\u2019hiver, y compris des mitaines hydrofuges et des bottes d\u2019hiver. Nous avons \u00e9galement besoin d\u2019articles m\u00e9nagers, comme de la vaisselle, des casseroles, des ustensiles, des draps et des serviettes pour les familles qui viennent de s\u2019\u00e9tablir dans le quartier.<\/p>\n<p><noscript><img decoding=\"async\" class=\"alignnone size-full wp-image-552\" src=\"https:\/\/caldwellfamilycentre.ca\/wp-content\/uploads\/2021\/04\/pdfsml.gif\" alt=\"PDF\" width=\"16\" height=\"17\"><\/noscript><img decoding=\"async\" class=\"alignnone size-full wp-image-552 lazyload\" src=\"data:image\/svg+xml,%3Csvg%20xmlns%3D%22http%3A%2F%2Fwww.w3.org%2F2000%2Fsvg%22%20viewBox%3D%220%200%2016%2017%22%3E%3C%2Fsvg%3E\" alt=\"PDF\" width=\"16\" height=\"17\" data-src=\"https:\/\/caldwellfamilycentre.ca\/wp-content\/uploads\/2021\/04\/pdfsml.gif\"> <a href=\"https:\/\/caldwellfamilycentre.ca\/wp-content\/uploads\/2021\/08\/Donated_Items_Policies_Fr.pdf\" target=\"_blank\" rel=\"noopener\">&nbsp;Politiques pour les articles donn\u00e9s<\/a><\/p>\n<h3>Articles souhait\u00e9s<\/h3>\n\n\n<div class=\"wp-block-columns is-layout-flex wp-container-core-columns-is-layout-1 wp-block-columns-is-layout-flex\">\n<div class=\"wp-block-column is-layout-flow wp-block-column-is-layout-flow\">\n<p>P\u00e2tes<\/p>\n\n\n\n<p>Sauces pour p\u00e2tes<\/p>\n\n\n\n<p>Rago\u00fbts et Chilis<\/p>\n\n\n\n<p>C\u00e9r\u00e9ales \u00e0 grains entiers<\/p>\n\n\n\n<p>Riz<\/p>\n\n\n\n<p>Viande et poisson en conserve<\/p>\n\n\n\n<p>Beurre d\u2019arachides<\/p>\n<\/div>\n\n\n\n<div class=\"wp-block-column is-layout-flow wp-block-column-is-layout-flow\">\n<p>Condiments<\/p>\n\n\n\n<p>Soupes en conserve<\/p>\n\n\n\n<p>L\u00e9gumineuses et haricots (secs ou en conserve)<\/p>\n\n\n\n<p>Fruits et l\u00e9gumes en conserve<\/p>\n\n\n\n<p>L\u00e9gumes congel\u00e9s<\/p>\n\n\n\n<p>Fruits et l\u00e9gumes frais<\/p>\n\n\n\n<p>Go\u00fbters (nutritifs de pr\u00e9f\u00e9rence)<\/p>\n<\/div>\n<\/div>\n\n\n\n<p>Articles de soins personnels neufs, comme du savon, du shampoing, du d\u00e9odorant, du d\u00e9tergent \u00e0 lessive, du papier de toilette, des produits d\u2019hygi\u00e8ne f\u00e9minine, des rasoirs, du dentifrice et des brosses \u00e0 dents.<\/p>\n","protected":false},"excerpt":{"rendered":"<p>Les familles que nous servons ont toujours besoin des articles suivants. Si vous pouvez aider, veuillez d\u00e9poser les&nbsp;produits alimentaires&nbsp;et&nbsp;autres articles&nbsp;entre 9h00 et 16h du lundi au vendredi au&nbsp;6 ave Epworth. Veuillez ne pas laisser d&rsquo;articles au 1475 Caldwell ou \u00e0 l&rsquo;ext\u00e9rieur de la Boutique Hidden Gems. Alimentation saine&nbsp;\u2013 Notre banque d\u2019alimentation fournit jusqu\u2019\u00e0 80&nbsp;% des [&hellip;]<\/p>\n","protected":false},"author":1,"featured_media":0,"parent":0,"menu_order":0,"comment_status":"closed","ping_status":"closed","template":"","meta":{"footnotes":""},"class_list":["post-600","page","type-page","status-publish","hentry"],"_links":{"self":[{"href":"https:\/\/caldwellfamilycentre.ca\/fr\/wp-json\/wp\/v2\/pages\/600","targetHints":{"allow":["GET"]}}],"collection":[{"href":"https:\/\/caldwellfamilycentre.ca\/fr\/wp-json\/wp\/v2\/pages"}],"about":[{"href":"https:\/\/caldwellfamilycentre.ca\/fr\/wp-json\/wp\/v2\/types\/page"}],"author":[{"embeddable":true,"href":"https:\/\/caldwellfamilycentre.ca\/fr\/wp-json\/wp\/v2\/users\/1"}],"replies":[{"embeddable":true,"href":"https:\/\/caldwellfamilycentre.ca\/fr\/wp-json\/wp\/v2\/comments?post=600"}],"version-history":[{"count":5,"href":"https:\/\/caldwellfamilycentre.ca\/fr\/wp-json\/wp\/v2\/pages\/600\/revisions"}],"predecessor-version":[{"id":2553,"href":"https:\/\/caldwellfamilycentre.ca\/fr\/wp-json\/wp\/v2\/pages\/600\/revisions\/2553"}],"wp:attachment":[{"href":"https:\/\/caldwellfamilycentre.ca\/fr\/wp-json\/wp\/v2\/media?parent=600"}],"curies":[{"name":"wp","href":"https:\/\/api.w.org\/{rel}","templated":true}]}}