{"id":613,"date":"2016-02-23T14:17:57","date_gmt":"2016-02-23T14:17:57","guid":{"rendered":"https:\/\/caldwellfamilycentre.ca\/volunteer\/"},"modified":"2024-05-26T11:22:37","modified_gmt":"2024-05-26T15:22:37","slug":"volunteer","status":"publish","type":"page","link":"https:\/\/caldwellfamilycentre.ca\/fr\/volunteer\/","title":{"rendered":"B\u00e9n\u00e9volat"},"content":{"rendered":"<p style=\"background-color: #4bc69b; color: white; padding: 10px;\"><strong>Le Centre familial Caldwell est actuellement \u00e0 la recherche d\u2019un tr\u00e9sorier ou d\u2019une tr\u00e9sori\u00e8re b\u00e9n\u00e9vole, aux convictions semblables \u00e0 celles du Centre, pour joindre les rangs de son Conseil de gouvernance. La candidate ou le candidat id\u00e9al devra offrir une contribution significative, des comp\u00e9tences, l\u2019expertise et l\u2019exp\u00e9rience n\u00e9cessaires pour aider l\u2019organisation \u00e0 r\u00e9aliser ses objectifs. Pour obtenir la liste compl\u00e8te des t\u00e2ches et des responsabilit\u00e9s des membres du Conseil et de celles du tr\u00e9sorier ou de la tr\u00e9sori\u00e8re, <a style=\"color: #333333;\" href=\"https:\/\/caldwellfamilycentre.ca\/wp-content\/uploads\/2021\/11\/FR_treasurer_position.pdf\">cliquez ici<\/a>.<\/strong><\/p>\n<p>Vous souhaitez faire partie de l\u2019\u00e9quipe amicale et chaleureuse du Centre familial Caldwell? Nous aimerions apprendre \u00e0 vous conna\u00eetre!<\/p>\n<p>Le b\u00e9n\u00e9volat au Centre familial comporte divers avantages, y compris celui d\u2019am\u00e9liorer les conditions de vie des membres de notre communaut\u00e9. Communiquez avec Bonnie Shaw par t\u00e9l\u00e9phone, au 613-728-1800 poste 302, ou par courriel, \u00e0<\/p>\n<p><a href=\"mailto:HumanResources@CaldwellCentre.ca\">HumanResources@CaldwellCentre.ca<\/a>.<\/p>\n<p>Vous \u00eates <strong>\u00e9tudiant<\/strong> ou \u00e0 la recherche d\u2019un emploi? Gr\u00e2ce au Centre familial, vous<\/p>\n<ul>\n<li>acquerrez de l\u2019exp\u00e9rience en milieu de travail, ce qui offrira plus de perspectives d\u2019emploi<\/li>\n<li>ferez preuve de motivation, d\u2019engagement, d\u2019empathie et de volont\u00e9 \u00e0 aider les autres, comp\u00e9tences pr\u00e9cieuses que plusieurs employeurs prennent en consid\u00e9ration lors de leur processus de s\u00e9lection<\/li>\n<li>consoliderez des liens personnels et professionnels par l\u2019entremise d\u2019activit\u00e9s r\u00e9seautage<\/li>\n<li>acquerrez de l\u2019exp\u00e9rience de travail en \u00e9quipe, chose que plusieurs employeurs consid\u00e8rent comme un atout<\/li>\n<li>d\u00e9velopperez de nouvelles comp\u00e9tences tout en am\u00e9liorant celles que vous poss\u00e9dez d\u00e9j\u00e0<\/li>\n<li>comblerez tout trou en mati\u00e8re d\u2019exp\u00e9rience professionnelle en ajoutant vos activit\u00e9s b\u00e9n\u00e9voles \u00e0 votre curriculum vitae<\/li>\n<li>d\u00e9couvrirez des possibilit\u00e9s de carri\u00e8re que vous ne connaissiez peut-\u00eatre pas<\/li>\n<li>am\u00e9liorerez votre confiance et votre estime de vous-m\u00eame, ce qui vous aidera \u00e0 effectuer une transition en douceur vers un emploi r\u00e9mun\u00e9r\u00e9<\/li>\n<li>aurez des r\u00e9f\u00e9rences pertinentes<\/li>\n<\/ul>\n<p>Vous \u00eates \u00e0 la <strong>retraite<\/strong>? Nous pourrions tirer parti de votre exp\u00e9rience et de vos connaissances. Gr\u00e2ce au Centre familial, vous\u00a0:<\/p>\n<ul>\n<li>rencontrerez de nouvelles personnes<\/li>\n<li>garderez contact avec un milieu de travail<\/li>\n<li>\u00e9tablirez votre propre horaire<\/li>\n<\/ul>\n<p>Vous \u00eates <strong>nouvellement arriv\u00e9<\/strong> au Canada? Nous ch\u00e9rirons vos ant\u00e9c\u00e9dents et votre exp\u00e9rience \u00e0 mesure que nous apprendrons \u00e0 vous conna\u00eetre. Gr\u00e2ce au Centre familial, vous\u00a0:<\/p>\n<ul>\n<li>rencontrerez de nouvelles personnes<\/li>\n<li>acquerrez de nouvelles comp\u00e9tences<\/li>\n<li>renforcerez vos liens avec la communaut\u00e9<\/li>\n<li>acquerrez de l\u2019exp\u00e9rience de travail au Canada<\/li>\n<\/ul>\n","protected":false},"excerpt":{"rendered":"<p>Le Centre familial Caldwell est actuellement \u00e0 la recherche d\u2019un tr\u00e9sorier ou d\u2019une tr\u00e9sori\u00e8re b\u00e9n\u00e9vole, aux convictions semblables \u00e0 celles du Centre, pour joindre les rangs de son Conseil de gouvernance. La candidate ou le candidat id\u00e9al devra offrir une contribution significative, des comp\u00e9tences, l\u2019expertise et l\u2019exp\u00e9rience n\u00e9cessaires pour aider l\u2019organisation \u00e0 r\u00e9aliser ses objectifs. [&hellip;]<\/p>\n","protected":false},"author":1,"featured_media":0,"parent":0,"menu_order":0,"comment_status":"closed","ping_status":"closed","template":"","meta":{"footnotes":""},"class_list":["post-613","page","type-page","status-publish","hentry"],"_links":{"self":[{"href":"https:\/\/caldwellfamilycentre.ca\/fr\/wp-json\/wp\/v2\/pages\/613","targetHints":{"allow":["GET"]}}],"collection":[{"href":"https:\/\/caldwellfamilycentre.ca\/fr\/wp-json\/wp\/v2\/pages"}],"about":[{"href":"https:\/\/caldwellfamilycentre.ca\/fr\/wp-json\/wp\/v2\/types\/page"}],"author":[{"embeddable":true,"href":"https:\/\/caldwellfamilycentre.ca\/fr\/wp-json\/wp\/v2\/users\/1"}],"replies":[{"embeddable":true,"href":"https:\/\/caldwellfamilycentre.ca\/fr\/wp-json\/wp\/v2\/comments?post=613"}],"version-history":[{"count":2,"href":"https:\/\/caldwellfamilycentre.ca\/fr\/wp-json\/wp\/v2\/pages\/613\/revisions"}],"predecessor-version":[{"id":2447,"href":"https:\/\/caldwellfamilycentre.ca\/fr\/wp-json\/wp\/v2\/pages\/613\/revisions\/2447"}],"wp:attachment":[{"href":"https:\/\/caldwellfamilycentre.ca\/fr\/wp-json\/wp\/v2\/media?parent=613"}],"curies":[{"name":"wp","href":"https:\/\/api.w.org\/{rel}","templated":true}]}}